{"id":96,"date":"2021-11-25T14:25:56","date_gmt":"2021-11-25T14:25:56","guid":{"rendered":"https:\/\/pauksciutakas.eu\/index.php\/shop\/"},"modified":"2022-11-11T09:51:57","modified_gmt":"2022-11-11T09:51:57","slug":"bilietai-internetu","status":"publish","type":"page","link":"https:\/\/pauksciutakas.eu\/index.php\/bilietai-internetu\/","title":{"rendered":"Bilietai internetu"},"content":{"rendered":"","protected":false},"excerpt":{"rendered":"","protected":false},"author":1,"featured_media":0,"parent":0,"menu_order":0,"comment_status":"closed","ping_status":"closed","template":"","meta":{"om_disable_all_campaigns":false,"_monsterinsights_skip_tracking":false,"_monsterinsights_sitenote_active":false,"_monsterinsights_sitenote_note":"","_monsterinsights_sitenote_category":0,"spay_email":""},"jetpack-related-posts":[{"id":100,"url":"https:\/\/pauksciutakas.eu\/index.php\/bilietu-taisykles\/","url_meta":{"origin":96,"position":0},"title":"Biliet\u0173 internetu pirkimo taisykl\u0117s","date":"19 gruod\u017eio, 2021","format":false,"excerpt":"\u00a71 Bendrosios nuostatos \u0160ios s\u0105lygos (\u201eS\u0105lygos\u201c) nustato grupini\u0173 ir individuali\u0173 biliet\u0173 \u012f \u201eCosmos Pauk\u0161\u010di\u0173 takas\u201c (Dariaus ir Gir\u0117no g. 8, Anyk\u0161\u010diai) si\u016blomus lankytinus objektus, toliau \u2013 \u201eMuziejus\u201c, pirkimo internetu taisykles. 2. Bilietai perkami internetu https:\/\/pauksciutakas.eu\/index.php\/bilietai-internetu\/ o \u012fsigijimas rei\u0161kia, kad pirk\u0117jas sutinka su pramogos, \u012f kuri\u0105 perkamas bilietas, lankytoj\u0173 taisykl\u0117mis. 3.\u2026","rel":"","context":"Similar post","img":{"alt_text":"","src":"","width":0,"height":0},"classes":[]}],"_links":{"self":[{"href":"https:\/\/pauksciutakas.eu\/index.php\/wp-json\/wp\/v2\/pages\/96"}],"collection":[{"href":"https:\/\/pauksciutakas.eu\/index.php\/wp-json\/wp\/v2\/pages"}],"about":[{"href":"https:\/\/pauksciutakas.eu\/index.php\/wp-json\/wp\/v2\/types\/page"}],"author":[{"embeddable":true,"href":"https:\/\/pauksciutakas.eu\/index.php\/wp-json\/wp\/v2\/users\/1"}],"replies":[{"embeddable":true,"href":"https:\/\/pauksciutakas.eu\/index.php\/wp-json\/wp\/v2\/comments?post=96"}],"version-history":[{"count":3,"href":"https:\/\/pauksciutakas.eu\/index.php\/wp-json\/wp\/v2\/pages\/96\/revisions"}],"predecessor-version":[{"id":335,"href":"https:\/\/pauksciutakas.eu\/index.php\/wp-json\/wp\/v2\/pages\/96\/revisions\/335"}],"wp:attachment":[{"href":"https:\/\/pauksciutakas.eu\/index.php\/wp-json\/wp\/v2\/media?parent=96"}],"curies":[{"name":"wp","href":"https:\/\/api.w.org\/{rel}","templated":true}]}}