{"id":80,"date":"2021-09-15T07:47:13","date_gmt":"2021-09-15T07:47:13","guid":{"rendered":"https:\/\/pauksciutakas.eu\/?page_id=80"},"modified":"2021-09-15T08:36:43","modified_gmt":"2021-09-15T08:36:43","slug":"galerija","status":"publish","type":"page","link":"https:\/\/pauksciutakas.eu\/index.php\/galerija\/","title":{"rendered":"GALERIJA"},"content":{"rendered":"\n<figure class=\"wp-block-gallery columns-3 is-cropped\"><ul class=\"blocks-gallery-grid\"><li class=\"blocks-gallery-item\"><figure><img loading=\"lazy\" width=\"768\" height=\"1024\" src=\"https:\/\/pauksciutakas.eu\/wp-content\/uploads\/2021\/09\/1-768x1024.jpeg\" alt=\"\" data-id=\"65\" data-full-url=\"https:\/\/pauksciutakas.eu\/wp-content\/uploads\/2021\/09\/1-scaled.jpeg\" data-link=\"https:\/\/pauksciutakas.eu\/1\/\" class=\"wp-image-65\" srcset=\"https:\/\/pauksciutakas.eu\/wp-content\/uploads\/2021\/09\/1-768x1024.jpeg 768w, https:\/\/pauksciutakas.eu\/wp-content\/uploads\/2021\/09\/1-scaled-1200x1600.jpeg 1200w, https:\/\/pauksciutakas.eu\/wp-content\/uploads\/2021\/09\/1-225x300.jpeg 225w, https:\/\/pauksciutakas.eu\/wp-content\/uploads\/2021\/09\/1-1152x1536.jpeg 1152w, https:\/\/pauksciutakas.eu\/wp-content\/uploads\/2021\/09\/1-1536x2048.jpeg 1536w, https:\/\/pauksciutakas.eu\/wp-content\/uploads\/2021\/09\/1-666x888.jpeg 666w, https:\/\/pauksciutakas.eu\/wp-content\/uploads\/2021\/09\/1-scaled.jpeg 1920w\" sizes=\"(max-width: 768px) 100vw, 768px\" \/><\/figure><\/li><li class=\"blocks-gallery-item\"><figure><img loading=\"lazy\" width=\"768\" height=\"1024\" src=\"https:\/\/pauksciutakas.eu\/wp-content\/uploads\/2021\/09\/0FFA4C31-EE2C-4EF9-896A-96E406685B38-768x1024.jpeg\" alt=\"\" data-id=\"64\" data-full-url=\"https:\/\/pauksciutakas.eu\/wp-content\/uploads\/2021\/09\/0FFA4C31-EE2C-4EF9-896A-96E406685B38.jpeg\" data-link=\"https:\/\/pauksciutakas.eu\/0ffa4c31-ee2c-4ef9-896a-96e406685b38\/\" class=\"wp-image-64\" srcset=\"https:\/\/pauksciutakas.eu\/wp-content\/uploads\/2021\/09\/0FFA4C31-EE2C-4EF9-896A-96E406685B38-768x1024.jpeg 768w, https:\/\/pauksciutakas.eu\/wp-content\/uploads\/2021\/09\/0FFA4C31-EE2C-4EF9-896A-96E406685B38-1200x1600.jpeg 1200w, https:\/\/pauksciutakas.eu\/wp-content\/uploads\/2021\/09\/0FFA4C31-EE2C-4EF9-896A-96E406685B38-225x300.jpeg 225w, https:\/\/pauksciutakas.eu\/wp-content\/uploads\/2021\/09\/0FFA4C31-EE2C-4EF9-896A-96E406685B38-1152x1536.jpeg 1152w, https:\/\/pauksciutakas.eu\/wp-content\/uploads\/2021\/09\/0FFA4C31-EE2C-4EF9-896A-96E406685B38-666x888.jpeg 666w, https:\/\/pauksciutakas.eu\/wp-content\/uploads\/2021\/09\/0FFA4C31-EE2C-4EF9-896A-96E406685B38.jpeg 1536w\" sizes=\"(max-width: 768px) 100vw, 768px\" \/><\/figure><\/li><li class=\"blocks-gallery-item\"><figure><img loading=\"lazy\" width=\"819\" height=\"1024\" src=\"https:\/\/pauksciutakas.eu\/wp-content\/uploads\/2021\/09\/image1-819x1024.jpeg\" alt=\"\" data-id=\"63\" data-full-url=\"https:\/\/pauksciutakas.eu\/wp-content\/uploads\/2021\/09\/image1.jpeg\" data-link=\"https:\/\/pauksciutakas.eu\/image1\/\" class=\"wp-image-63\" srcset=\"https:\/\/pauksciutakas.eu\/wp-content\/uploads\/2021\/09\/image1-819x1024.jpeg 819w, https:\/\/pauksciutakas.eu\/wp-content\/uploads\/2021\/09\/image1-600x750.jpeg 600w, https:\/\/pauksciutakas.eu\/wp-content\/uploads\/2021\/09\/image1-240x300.jpeg 240w, https:\/\/pauksciutakas.eu\/wp-content\/uploads\/2021\/09\/image1-768x960.jpeg 768w, https:\/\/pauksciutakas.eu\/wp-content\/uploads\/2021\/09\/image1.jpeg 1024w\" sizes=\"(max-width: 819px) 100vw, 819px\" \/><\/figure><\/li><li class=\"blocks-gallery-item\"><figure><img loading=\"lazy\" width=\"884\" height=\"1024\" src=\"https:\/\/pauksciutakas.eu\/wp-content\/uploads\/2021\/09\/E69D8A85-8BAF-4C17-8809-6BA8BDD841DD-884x1024.jpg\" alt=\"\" data-id=\"62\" data-full-url=\"https:\/\/pauksciutakas.eu\/wp-content\/uploads\/2021\/09\/E69D8A85-8BAF-4C17-8809-6BA8BDD841DD-scaled.jpg\" data-link=\"https:\/\/pauksciutakas.eu\/processed-with-vsco-with-fs16-preset-processed-with-vsco-with-c8-preset\/\" class=\"wp-image-62\" srcset=\"https:\/\/pauksciutakas.eu\/wp-content\/uploads\/2021\/09\/E69D8A85-8BAF-4C17-8809-6BA8BDD841DD-884x1024.jpg 884w, https:\/\/pauksciutakas.eu\/wp-content\/uploads\/2021\/09\/E69D8A85-8BAF-4C17-8809-6BA8BDD841DD-scaled-1200x1391.jpg 1200w, https:\/\/pauksciutakas.eu\/wp-content\/uploads\/2021\/09\/E69D8A85-8BAF-4C17-8809-6BA8BDD841DD-259x300.jpg 259w, https:\/\/pauksciutakas.eu\/wp-content\/uploads\/2021\/09\/E69D8A85-8BAF-4C17-8809-6BA8BDD841DD-768x890.jpg 768w, https:\/\/pauksciutakas.eu\/wp-content\/uploads\/2021\/09\/E69D8A85-8BAF-4C17-8809-6BA8BDD841DD-1326x1536.jpg 1326w, https:\/\/pauksciutakas.eu\/wp-content\/uploads\/2021\/09\/E69D8A85-8BAF-4C17-8809-6BA8BDD841DD-1767x2048.jpg 1767w\" sizes=\"(max-width: 884px) 100vw, 884px\" \/><\/figure><\/li><li class=\"blocks-gallery-item\"><figure><img loading=\"lazy\" width=\"768\" height=\"1024\" src=\"https:\/\/pauksciutakas.eu\/wp-content\/uploads\/2021\/09\/E68DD32F-66FE-488E-8B6C-FE65D0093D33-768x1024.jpeg\" alt=\"\" data-id=\"61\" data-full-url=\"https:\/\/pauksciutakas.eu\/wp-content\/uploads\/2021\/09\/E68DD32F-66FE-488E-8B6C-FE65D0093D33.jpeg\" data-link=\"https:\/\/pauksciutakas.eu\/e68dd32f-66fe-488e-8b6c-fe65d0093d33\/\" class=\"wp-image-61\" srcset=\"https:\/\/pauksciutakas.eu\/wp-content\/uploads\/2021\/09\/E68DD32F-66FE-488E-8B6C-FE65D0093D33-768x1024.jpeg 768w, https:\/\/pauksciutakas.eu\/wp-content\/uploads\/2021\/09\/E68DD32F-66FE-488E-8B6C-FE65D0093D33-1200x1600.jpeg 1200w, https:\/\/pauksciutakas.eu\/wp-content\/uploads\/2021\/09\/E68DD32F-66FE-488E-8B6C-FE65D0093D33-225x300.jpeg 225w, https:\/\/pauksciutakas.eu\/wp-content\/uploads\/2021\/09\/E68DD32F-66FE-488E-8B6C-FE65D0093D33-1152x1536.jpeg 1152w, https:\/\/pauksciutakas.eu\/wp-content\/uploads\/2021\/09\/E68DD32F-66FE-488E-8B6C-FE65D0093D33-666x888.jpeg 666w, https:\/\/pauksciutakas.eu\/wp-content\/uploads\/2021\/09\/E68DD32F-66FE-488E-8B6C-FE65D0093D33.jpeg 1536w\" sizes=\"(max-width: 768px) 100vw, 768px\" \/><\/figure><\/li><li class=\"blocks-gallery-item\"><figure><img loading=\"lazy\" width=\"768\" height=\"1024\" src=\"https:\/\/pauksciutakas.eu\/wp-content\/uploads\/2021\/09\/DF97A30D-EE02-4087-B500-520E20BAA339-768x1024.jpeg\" alt=\"\" data-id=\"60\" data-full-url=\"https:\/\/pauksciutakas.eu\/wp-content\/uploads\/2021\/09\/DF97A30D-EE02-4087-B500-520E20BAA339.jpeg\" data-link=\"https:\/\/pauksciutakas.eu\/df97a30d-ee02-4087-b500-520e20baa339\/\" class=\"wp-image-60\" srcset=\"https:\/\/pauksciutakas.eu\/wp-content\/uploads\/2021\/09\/DF97A30D-EE02-4087-B500-520E20BAA339-768x1024.jpeg 768w, https:\/\/pauksciutakas.eu\/wp-content\/uploads\/2021\/09\/DF97A30D-EE02-4087-B500-520E20BAA339-1200x1600.jpeg 1200w, https:\/\/pauksciutakas.eu\/wp-content\/uploads\/2021\/09\/DF97A30D-EE02-4087-B500-520E20BAA339-225x300.jpeg 225w, https:\/\/pauksciutakas.eu\/wp-content\/uploads\/2021\/09\/DF97A30D-EE02-4087-B500-520E20BAA339-1152x1536.jpeg 1152w, https:\/\/pauksciutakas.eu\/wp-content\/uploads\/2021\/09\/DF97A30D-EE02-4087-B500-520E20BAA339-666x888.jpeg 666w, https:\/\/pauksciutakas.eu\/wp-content\/uploads\/2021\/09\/DF97A30D-EE02-4087-B500-520E20BAA339.jpeg 1536w\" sizes=\"(max-width: 768px) 100vw, 768px\" \/><\/figure><\/li><li class=\"blocks-gallery-item\"><figure><img loading=\"lazy\" width=\"1024\" height=\"768\" src=\"https:\/\/pauksciutakas.eu\/wp-content\/uploads\/2021\/09\/CFA2FC3F-8E39-41DC-BB80-B36E5869BADF-1024x768.jpeg\" alt=\"\" data-id=\"59\" data-full-url=\"https:\/\/pauksciutakas.eu\/wp-content\/uploads\/2021\/09\/CFA2FC3F-8E39-41DC-BB80-B36E5869BADF-scaled.jpeg\" data-link=\"https:\/\/pauksciutakas.eu\/cfa2fc3f-8e39-41dc-bb80-b36e5869badf\/\" class=\"wp-image-59\" srcset=\"https:\/\/pauksciutakas.eu\/wp-content\/uploads\/2021\/09\/CFA2FC3F-8E39-41DC-BB80-B36E5869BADF-1024x768.jpeg 1024w, https:\/\/pauksciutakas.eu\/wp-content\/uploads\/2021\/09\/CFA2FC3F-8E39-41DC-BB80-B36E5869BADF-scaled-1200x900.jpeg 1200w, https:\/\/pauksciutakas.eu\/wp-content\/uploads\/2021\/09\/CFA2FC3F-8E39-41DC-BB80-B36E5869BADF-300x225.jpeg 300w, https:\/\/pauksciutakas.eu\/wp-content\/uploads\/2021\/09\/CFA2FC3F-8E39-41DC-BB80-B36E5869BADF-768x576.jpeg 768w, https:\/\/pauksciutakas.eu\/wp-content\/uploads\/2021\/09\/CFA2FC3F-8E39-41DC-BB80-B36E5869BADF-1536x1152.jpeg 1536w, https:\/\/pauksciutakas.eu\/wp-content\/uploads\/2021\/09\/CFA2FC3F-8E39-41DC-BB80-B36E5869BADF-2048x1536.jpeg 2048w, https:\/\/pauksciutakas.eu\/wp-content\/uploads\/2021\/09\/CFA2FC3F-8E39-41DC-BB80-B36E5869BADF-124x93.jpeg 124w\" sizes=\"(max-width: 1024px) 100vw, 1024px\" \/><\/figure><\/li><li class=\"blocks-gallery-item\"><figure><img loading=\"lazy\" width=\"1024\" height=\"681\" src=\"https:\/\/pauksciutakas.eu\/wp-content\/uploads\/2021\/09\/Bilde-15-ps1-1024x681.jpg\" alt=\"\" data-id=\"57\" data-full-url=\"https:\/\/pauksciutakas.eu\/wp-content\/uploads\/2021\/09\/Bilde-15-ps1.jpg\" data-link=\"https:\/\/pauksciutakas.eu\/bilde-15-ps1\/\" class=\"wp-image-57\" srcset=\"https:\/\/pauksciutakas.eu\/wp-content\/uploads\/2021\/09\/Bilde-15-ps1-1024x681.jpg 1024w, https:\/\/pauksciutakas.eu\/wp-content\/uploads\/2021\/09\/Bilde-15-ps1-1200x799.jpg 1200w, https:\/\/pauksciutakas.eu\/wp-content\/uploads\/2021\/09\/Bilde-15-ps1-300x200.jpg 300w, https:\/\/pauksciutakas.eu\/wp-content\/uploads\/2021\/09\/Bilde-15-ps1-768x511.jpg 768w, https:\/\/pauksciutakas.eu\/wp-content\/uploads\/2021\/09\/Bilde-15-ps1-1536x1022.jpg 1536w, https:\/\/pauksciutakas.eu\/wp-content\/uploads\/2021\/09\/Bilde-15-ps1-920x613.jpg 920w, https:\/\/pauksciutakas.eu\/wp-content\/uploads\/2021\/09\/Bilde-15-ps1-666x444.jpg 666w, https:\/\/pauksciutakas.eu\/wp-content\/uploads\/2021\/09\/Bilde-15-ps1.jpg 2000w\" sizes=\"(max-width: 1024px) 100vw, 1024px\" \/><\/figure><\/li><li class=\"blocks-gallery-item\"><figure><img loading=\"lazy\" width=\"498\" height=\"1024\" src=\"https:\/\/pauksciutakas.eu\/wp-content\/uploads\/2021\/09\/20191115_132009-498x1024.jpg\" alt=\"\" data-id=\"55\" data-full-url=\"https:\/\/pauksciutakas.eu\/wp-content\/uploads\/2021\/09\/20191115_132009-scaled.jpg\" data-link=\"https:\/\/pauksciutakas.eu\/20191115_132009\/\" class=\"wp-image-55\" srcset=\"https:\/\/pauksciutakas.eu\/wp-content\/uploads\/2021\/09\/20191115_132009-498x1024.jpg 498w, https:\/\/pauksciutakas.eu\/wp-content\/uploads\/2021\/09\/20191115_132009-scaled-1200x2469.jpg 1200w, https:\/\/pauksciutakas.eu\/wp-content\/uploads\/2021\/09\/20191115_132009-146x300.jpg 146w, https:\/\/pauksciutakas.eu\/wp-content\/uploads\/2021\/09\/20191115_132009-768x1580.jpg 768w, https:\/\/pauksciutakas.eu\/wp-content\/uploads\/2021\/09\/20191115_132009-746x1536.jpg 746w, https:\/\/pauksciutakas.eu\/wp-content\/uploads\/2021\/09\/20191115_132009-995x2048.jpg 995w, https:\/\/pauksciutakas.eu\/wp-content\/uploads\/2021\/09\/20191115_132009-scaled.jpg 1244w\" sizes=\"(max-width: 498px) 100vw, 498px\" \/><\/figure><\/li><li class=\"blocks-gallery-item\"><figure><img loading=\"lazy\" width=\"1024\" height=\"926\" src=\"https:\/\/pauksciutakas.eu\/wp-content\/uploads\/2021\/09\/43328C87-81B8-42F4-A622-AEA30C1D5D4D-1024x926.jpeg\" alt=\"\" data-id=\"54\" data-full-url=\"https:\/\/pauksciutakas.eu\/wp-content\/uploads\/2021\/09\/43328C87-81B8-42F4-A622-AEA30C1D5D4D-scaled.jpeg\" data-link=\"https:\/\/pauksciutakas.eu\/43328c87-81b8-42f4-a622-aea30c1d5d4d\/\" class=\"wp-image-54\" srcset=\"https:\/\/pauksciutakas.eu\/wp-content\/uploads\/2021\/09\/43328C87-81B8-42F4-A622-AEA30C1D5D4D-1024x926.jpeg 1024w, https:\/\/pauksciutakas.eu\/wp-content\/uploads\/2021\/09\/43328C87-81B8-42F4-A622-AEA30C1D5D4D-scaled-1200x1085.jpeg 1200w, https:\/\/pauksciutakas.eu\/wp-content\/uploads\/2021\/09\/43328C87-81B8-42F4-A622-AEA30C1D5D4D-300x271.jpeg 300w, https:\/\/pauksciutakas.eu\/wp-content\/uploads\/2021\/09\/43328C87-81B8-42F4-A622-AEA30C1D5D4D-768x694.jpeg 768w, https:\/\/pauksciutakas.eu\/wp-content\/uploads\/2021\/09\/43328C87-81B8-42F4-A622-AEA30C1D5D4D-1536x1389.jpeg 1536w, https:\/\/pauksciutakas.eu\/wp-content\/uploads\/2021\/09\/43328C87-81B8-42F4-A622-AEA30C1D5D4D-2048x1852.jpeg 2048w\" sizes=\"(max-width: 1024px) 100vw, 1024px\" \/><\/figure><\/li><li class=\"blocks-gallery-item\"><figure><img loading=\"lazy\" width=\"768\" height=\"1024\" src=\"https:\/\/pauksciutakas.eu\/wp-content\/uploads\/2021\/09\/3a-768x1024.jpg\" alt=\"\" data-id=\"53\" data-full-url=\"https:\/\/pauksciutakas.eu\/wp-content\/uploads\/2021\/09\/3a-scaled.jpg\" data-link=\"https:\/\/pauksciutakas.eu\/3a\/\" class=\"wp-image-53\" srcset=\"https:\/\/pauksciutakas.eu\/wp-content\/uploads\/2021\/09\/3a-768x1024.jpg 768w, https:\/\/pauksciutakas.eu\/wp-content\/uploads\/2021\/09\/3a-scaled-1200x1600.jpg 1200w, https:\/\/pauksciutakas.eu\/wp-content\/uploads\/2021\/09\/3a-225x300.jpg 225w, https:\/\/pauksciutakas.eu\/wp-content\/uploads\/2021\/09\/3a-1152x1536.jpg 1152w, https:\/\/pauksciutakas.eu\/wp-content\/uploads\/2021\/09\/3a-1536x2048.jpg 1536w, https:\/\/pauksciutakas.eu\/wp-content\/uploads\/2021\/09\/3a-666x888.jpg 666w, https:\/\/pauksciutakas.eu\/wp-content\/uploads\/2021\/09\/3a-scaled.jpg 1920w\" sizes=\"(max-width: 768px) 100vw, 768px\" \/><\/figure><\/li><li class=\"blocks-gallery-item\"><figure><img loading=\"lazy\" width=\"1024\" height=\"768\" src=\"https:\/\/pauksciutakas.eu\/wp-content\/uploads\/2021\/09\/2b-1024x768.jpg\" alt=\"\" data-id=\"52\" data-full-url=\"https:\/\/pauksciutakas.eu\/wp-content\/uploads\/2021\/09\/2b-scaled.jpg\" data-link=\"https:\/\/pauksciutakas.eu\/2b\/\" class=\"wp-image-52\" srcset=\"https:\/\/pauksciutakas.eu\/wp-content\/uploads\/2021\/09\/2b-1024x768.jpg 1024w, https:\/\/pauksciutakas.eu\/wp-content\/uploads\/2021\/09\/2b-scaled-1200x900.jpg 1200w, https:\/\/pauksciutakas.eu\/wp-content\/uploads\/2021\/09\/2b-300x225.jpg 300w, https:\/\/pauksciutakas.eu\/wp-content\/uploads\/2021\/09\/2b-768x576.jpg 768w, https:\/\/pauksciutakas.eu\/wp-content\/uploads\/2021\/09\/2b-1536x1152.jpg 1536w, https:\/\/pauksciutakas.eu\/wp-content\/uploads\/2021\/09\/2b-2048x1536.jpg 2048w, https:\/\/pauksciutakas.eu\/wp-content\/uploads\/2021\/09\/2b-124x93.jpg 124w\" sizes=\"(max-width: 1024px) 100vw, 1024px\" \/><\/figure><\/li><li class=\"blocks-gallery-item\"><figure><img loading=\"lazy\" width=\"768\" height=\"1024\" src=\"https:\/\/pauksciutakas.eu\/wp-content\/uploads\/2021\/09\/1E4EE643-8F4E-4E27-ACF5-2FDCA3D53E86-768x1024.jpeg\" alt=\"\" data-id=\"51\" data-full-url=\"https:\/\/pauksciutakas.eu\/wp-content\/uploads\/2021\/09\/1E4EE643-8F4E-4E27-ACF5-2FDCA3D53E86.jpeg\" data-link=\"https:\/\/pauksciutakas.eu\/1e4ee643-8f4e-4e27-acf5-2fdca3d53e86\/\" class=\"wp-image-51\" srcset=\"https:\/\/pauksciutakas.eu\/wp-content\/uploads\/2021\/09\/1E4EE643-8F4E-4E27-ACF5-2FDCA3D53E86-768x1024.jpeg 768w, https:\/\/pauksciutakas.eu\/wp-content\/uploads\/2021\/09\/1E4EE643-8F4E-4E27-ACF5-2FDCA3D53E86-1200x1600.jpeg 1200w, https:\/\/pauksciutakas.eu\/wp-content\/uploads\/2021\/09\/1E4EE643-8F4E-4E27-ACF5-2FDCA3D53E86-225x300.jpeg 225w, https:\/\/pauksciutakas.eu\/wp-content\/uploads\/2021\/09\/1E4EE643-8F4E-4E27-ACF5-2FDCA3D53E86-1152x1536.jpeg 1152w, https:\/\/pauksciutakas.eu\/wp-content\/uploads\/2021\/09\/1E4EE643-8F4E-4E27-ACF5-2FDCA3D53E86-666x888.jpeg 666w, https:\/\/pauksciutakas.eu\/wp-content\/uploads\/2021\/09\/1E4EE643-8F4E-4E27-ACF5-2FDCA3D53E86.jpeg 1536w\" sizes=\"(max-width: 768px) 100vw, 768px\" \/><\/figure><\/li><li class=\"blocks-gallery-item\"><figure><img loading=\"lazy\" width=\"1024\" height=\"645\" src=\"https:\/\/pauksciutakas.eu\/wp-content\/uploads\/2021\/09\/slide3-1024x645.jpg\" alt=\"\" data-id=\"12\" data-full-url=\"https:\/\/pauksciutakas.eu\/wp-content\/uploads\/2021\/09\/slide3.jpg\" data-link=\"https:\/\/pauksciutakas.eu\/slide3\/\" class=\"wp-image-12\" srcset=\"https:\/\/pauksciutakas.eu\/wp-content\/uploads\/2021\/09\/slide3-1024x645.jpg 1024w, https:\/\/pauksciutakas.eu\/wp-content\/uploads\/2021\/09\/slide3-1200x756.jpg 1200w, https:\/\/pauksciutakas.eu\/wp-content\/uploads\/2021\/09\/slide3-300x189.jpg 300w, https:\/\/pauksciutakas.eu\/wp-content\/uploads\/2021\/09\/slide3-768x484.jpg 768w, https:\/\/pauksciutakas.eu\/wp-content\/uploads\/2021\/09\/slide3-1536x967.jpg 1536w, https:\/\/pauksciutakas.eu\/wp-content\/uploads\/2021\/09\/slide3.jpg 1915w\" sizes=\"(max-width: 1024px) 100vw, 1024px\" \/><\/figure><\/li><li class=\"blocks-gallery-item\"><figure><img loading=\"lazy\" width=\"1024\" height=\"645\" src=\"https:\/\/pauksciutakas.eu\/wp-content\/uploads\/2021\/09\/slide4-1024x645.jpg\" alt=\"\" data-id=\"14\" data-full-url=\"https:\/\/pauksciutakas.eu\/wp-content\/uploads\/2021\/09\/slide4.jpg\" data-link=\"https:\/\/pauksciutakas.eu\/slide4\/\" class=\"wp-image-14\" srcset=\"https:\/\/pauksciutakas.eu\/wp-content\/uploads\/2021\/09\/slide4-1024x645.jpg 1024w, https:\/\/pauksciutakas.eu\/wp-content\/uploads\/2021\/09\/slide4-1200x756.jpg 1200w, https:\/\/pauksciutakas.eu\/wp-content\/uploads\/2021\/09\/slide4-300x189.jpg 300w, https:\/\/pauksciutakas.eu\/wp-content\/uploads\/2021\/09\/slide4-768x484.jpg 768w, https:\/\/pauksciutakas.eu\/wp-content\/uploads\/2021\/09\/slide4-1536x967.jpg 1536w, https:\/\/pauksciutakas.eu\/wp-content\/uploads\/2021\/09\/slide4.jpg 1915w\" sizes=\"(max-width: 1024px) 100vw, 1024px\" \/><\/figure><\/li><li class=\"blocks-gallery-item\"><figure><img loading=\"lazy\" width=\"1024\" height=\"645\" src=\"https:\/\/pauksciutakas.eu\/wp-content\/uploads\/2021\/09\/slide1-1024x645.jpg\" alt=\"\" data-id=\"11\" data-full-url=\"https:\/\/pauksciutakas.eu\/wp-content\/uploads\/2021\/09\/slide1.jpg\" data-link=\"https:\/\/pauksciutakas.eu\/slide1\/\" class=\"wp-image-11\" srcset=\"https:\/\/pauksciutakas.eu\/wp-content\/uploads\/2021\/09\/slide1-1024x645.jpg 1024w, https:\/\/pauksciutakas.eu\/wp-content\/uploads\/2021\/09\/slide1-1200x756.jpg 1200w, https:\/\/pauksciutakas.eu\/wp-content\/uploads\/2021\/09\/slide1-300x189.jpg 300w, https:\/\/pauksciutakas.eu\/wp-content\/uploads\/2021\/09\/slide1-768x484.jpg 768w, https:\/\/pauksciutakas.eu\/wp-content\/uploads\/2021\/09\/slide1-1536x967.jpg 1536w, https:\/\/pauksciutakas.eu\/wp-content\/uploads\/2021\/09\/slide1.jpg 1915w\" sizes=\"(max-width: 1024px) 100vw, 1024px\" \/><\/figure><\/li><li class=\"blocks-gallery-item\"><figure><img loading=\"lazy\" width=\"1024\" height=\"645\" src=\"https:\/\/pauksciutakas.eu\/wp-content\/uploads\/2021\/09\/slide2-1024x645.jpg\" alt=\"\" data-id=\"9\" data-full-url=\"https:\/\/pauksciutakas.eu\/wp-content\/uploads\/2021\/09\/slide2.jpg\" data-link=\"https:\/\/pauksciutakas.eu\/slide2\/\" class=\"wp-image-9\" srcset=\"https:\/\/pauksciutakas.eu\/wp-content\/uploads\/2021\/09\/slide2-1024x645.jpg 1024w, https:\/\/pauksciutakas.eu\/wp-content\/uploads\/2021\/09\/slide2-1200x756.jpg 1200w, https:\/\/pauksciutakas.eu\/wp-content\/uploads\/2021\/09\/slide2-300x189.jpg 300w, https:\/\/pauksciutakas.eu\/wp-content\/uploads\/2021\/09\/slide2-768x484.jpg 768w, https:\/\/pauksciutakas.eu\/wp-content\/uploads\/2021\/09\/slide2-1536x967.jpg 1536w, https:\/\/pauksciutakas.eu\/wp-content\/uploads\/2021\/09\/slide2.jpg 1915w\" sizes=\"(max-width: 1024px) 100vw, 1024px\" \/><\/figure><\/li><\/ul><figcaption class=\"blocks-gallery-caption\"><span class=\"has-inline-color has-white-color\">Ir J\u016bs galite tur\u0117ti toki\u0173 nuotrauk\u0173!<\/span><\/figcaption><\/figure>\n","protected":false},"excerpt":{"rendered":"","protected":false},"author":1,"featured_media":0,"parent":0,"menu_order":0,"comment_status":"closed","ping_status":"closed","template":"","meta":{"om_disable_all_campaigns":false,"_monsterinsights_skip_tracking":false,"_monsterinsights_sitenote_active":false,"_monsterinsights_sitenote_note":"","_monsterinsights_sitenote_category":0,"spay_email":""},"jetpack-related-posts":[],"_links":{"self":[{"href":"https:\/\/pauksciutakas.eu\/index.php\/wp-json\/wp\/v2\/pages\/80"}],"collection":[{"href":"https:\/\/pauksciutakas.eu\/index.php\/wp-json\/wp\/v2\/pages"}],"about":[{"href":"https:\/\/pauksciutakas.eu\/index.php\/wp-json\/wp\/v2\/types\/page"}],"author":[{"embeddable":true,"href":"https:\/\/pauksciutakas.eu\/index.php\/wp-json\/wp\/v2\/users\/1"}],"replies":[{"embeddable":true,"href":"https:\/\/pauksciutakas.eu\/index.php\/wp-json\/wp\/v2\/comments?post=80"}],"version-history":[{"count":2,"href":"https:\/\/pauksciutakas.eu\/index.php\/wp-json\/wp\/v2\/pages\/80\/revisions"}],"predecessor-version":[{"id":82,"href":"https:\/\/pauksciutakas.eu\/index.php\/wp-json\/wp\/v2\/pages\/80\/revisions\/82"}],"wp:attachment":[{"href":"https:\/\/pauksciutakas.eu\/index.php\/wp-json\/wp\/v2\/media?parent=80"}],"curies":[{"name":"wp","href":"https:\/\/api.w.org\/{rel}","templated":true}]}}