{"id":24,"date":"2021-09-13T11:02:30","date_gmt":"2021-09-13T11:02:30","guid":{"rendered":"https:\/\/pauksciutakas.eu\/?page_id=24"},"modified":"2026-03-09T20:55:55","modified_gmt":"2026-03-09T20:55:55","slug":"kontaktai","status":"publish","type":"page","link":"https:\/\/pauksciutakas.eu\/index.php\/kontaktai\/","title":{"rendered":"KONTAKTAI"},"content":{"rendered":"\n<p>Anyk\u0161\u010di\u0173 miesto centre &#8211; Dariaus ir Gir\u0117no g. 8 (\u012f\u0117jimas i\u0161 K. Donelai\u010dio g.) <\/p>\n\n\n\n<p>DARBO LAIKAS:<br>I-VII 8:00 &#8211; 20:00<\/p>\n\n\n\n<p>Tel. +37062317188<\/p>\n\n\n\n<p>info@pauksciutakas.eu<\/p>\n\n\n\n<iframe src=\"https:\/\/www.google.com\/maps\/embed?pb=!1m18!1m12!1m3!1d335.60643504447546!2d25.119425738168196!3d55.52905688798711!2m3!1f0!2f0!3f0!3m2!1i1024!2i768!4f13.1!3m3!1m2!1s0x46e7e92db1d7a5db%3A0xb29dda4df9104422!2zIkNvc21vcyIgUGF1a8WhxI1pxbMgdGFrYXM!5e0!3m2!1slt!2slt!4v1631531553656!5m2!1slt!2slt\" width=\"600\" height=\"450\" style=\"border:0;\" allowfullscreen=\"\" loading=\"lazy\"><\/iframe>\n","protected":false},"excerpt":{"rendered":"<p>Anyk\u0161\u010di\u0173 miesto centre &#8211; Dariaus ir Gir\u0117no g. 8 (\u012f\u0117jimas i\u0161 K. Donelai\u010dio g.) DARBO LAIKAS:I-VII 8:00 &#8211; 20:00 Tel.<\/p>\n<p><span class=\"more-link\"><a href=\"https:\/\/pauksciutakas.eu\/index.php\/kontaktai\/\" class=\"readmore\">Continue reading<span class=\"screen-reader-text\">KONTAKTAI<\/span><\/a><\/span><\/p>\n","protected":false},"author":1,"featured_media":0,"parent":0,"menu_order":0,"comment_status":"closed","ping_status":"closed","template":"","meta":{"om_disable_all_campaigns":false,"_monsterinsights_skip_tracking":false,"_monsterinsights_sitenote_active":false,"_monsterinsights_sitenote_note":"","_monsterinsights_sitenote_category":0,"spay_email":""},"jetpack-related-posts":[{"id":23,"url":"https:\/\/pauksciutakas.eu\/","url_meta":{"origin":24,"position":0},"title":"KUR MUS RASTI?","date":"13 rugs\u0117jo, 2021","format":false,"excerpt":"LAIKINAI COSMOS PAUK\u0160\u010cI\u0172 TAKAS NEDIRBA. VYKSTA ATNAUJINIMO DARBAI. Atsidarysime 2026 m. baland\u017eio 24 d. Anyk\u0161\u010di\u0173 miesto centre - Dariaus ir Gir\u0117no g. 8. \u012e\u0117jimas i\u0161 K. Donelai\u010dio g. Atvyk\u0119 nurodytu adresu sekite nuorodas esan\u010dias teritorijoje. PIRKTI BILIETUS","rel":"","context":"Similar post","img":{"alt_text":"","src":"","width":0,"height":0},"classes":[]},{"id":21,"url":"https:\/\/pauksciutakas.eu\/index.php\/apie\/","url_meta":{"origin":24,"position":1},"title":"APIE","date":"13 rugs\u0117jo, 2021","format":false,"excerpt":"\"COSMOS Pauk\u0161\u010di\u0173 takas\" \u012fsik\u016br\u0119s Anyk\u0161\u010di\u0173 miesto centre nuo 2015 m. gruod\u017eio 18 d. Tai veidrod\u017ei\u0173 kambarys, kuriame sukuriamas begalyb\u0117s poj\u016btis pasitelkiant \u0161viesos elementus, viduje girdimi \u017eem\u0117s elektromagnetiniai virpesiai paversti garsu. Element\u0173 visuma sukuria kosmoso erdv\u0117s jausm\u0105. Atvykus \u012f COSMOS Pauk\u0161\u010di\u0173 Tak\u0105 rekomenduojame fotografuoti nenaudojant blykst\u0117s. \u0160ioje ne\u012fprastoje erdv\u0117je galima rengti\u2026","rel":"","context":"Similar post","img":{"alt_text":"","src":"","width":0,"height":0},"classes":[]},{"id":100,"url":"https:\/\/pauksciutakas.eu\/index.php\/bilietu-taisykles\/","url_meta":{"origin":24,"position":2},"title":"Biliet\u0173 internetu pirkimo taisykl\u0117s","date":"19 gruod\u017eio, 2021","format":false,"excerpt":"\u00a71 Bendrosios nuostatos \u0160ios s\u0105lygos (\u201eS\u0105lygos\u201c) nustato grupini\u0173 ir individuali\u0173 biliet\u0173 \u012f \u201eCosmos Pauk\u0161\u010di\u0173 takas\u201c (Dariaus ir Gir\u0117no g. 8, Anyk\u0161\u010diai) si\u016blomus lankytinus objektus, toliau \u2013 \u201eMuziejus\u201c, pirkimo internetu taisykles. 2. Bilietai perkami internetu https:\/\/pauksciutakas.eu\/index.php\/bilietai-internetu\/ o \u012fsigijimas rei\u0161kia, kad pirk\u0117jas sutinka su pramogos, \u012f kuri\u0105 perkamas bilietas, lankytoj\u0173 taisykl\u0117mis. 3.\u2026","rel":"","context":"Similar post","img":{"alt_text":"","src":"","width":0,"height":0},"classes":[]},{"id":208,"url":"https:\/\/pauksciutakas.eu\/index.php\/privatumo-politika\/","url_meta":{"origin":24,"position":3},"title":"Privatumo politika","date":"19 gruod\u017eio, 2021","format":false,"excerpt":"\u0160i privatumo politika nustato www.pauksciutakas.eu (toliau \u2013 Svetain\u0117) vartotoj\u0173 informacijos, \u012fskaitant asmens duomenis, rinkimo, tvarkymo ir naudojimo principus. 2. Svetain\u0117s naudotoj\u0173 duomenis tvarko MB \u201eTraukos sl\u0117nis\u201c, kurio buvein\u0117 yra \u0160eimyni\u0161k\u0117liai, Elmos 9-oji, 23, Anyk\u0161\u010di\u0173 r. (toliau \u2013 \u201eCosmos Pauk\u0161\u010di\u0173 takas\u201c). 3. Privatumo apsaug\u0105, \u012fskaitant Svetain\u0117s vartotoj\u0173 asmens duomen\u0173 apsaug\u0105, tvarko\u2026","rel":"","context":"Similar post","img":{"alt_text":"","src":"","width":0,"height":0},"classes":[]}],"_links":{"self":[{"href":"https:\/\/pauksciutakas.eu\/index.php\/wp-json\/wp\/v2\/pages\/24"}],"collection":[{"href":"https:\/\/pauksciutakas.eu\/index.php\/wp-json\/wp\/v2\/pages"}],"about":[{"href":"https:\/\/pauksciutakas.eu\/index.php\/wp-json\/wp\/v2\/types\/page"}],"author":[{"embeddable":true,"href":"https:\/\/pauksciutakas.eu\/index.php\/wp-json\/wp\/v2\/users\/1"}],"replies":[{"embeddable":true,"href":"https:\/\/pauksciutakas.eu\/index.php\/wp-json\/wp\/v2\/comments?post=24"}],"version-history":[{"count":5,"href":"https:\/\/pauksciutakas.eu\/index.php\/wp-json\/wp\/v2\/pages\/24\/revisions"}],"predecessor-version":[{"id":889,"href":"https:\/\/pauksciutakas.eu\/index.php\/wp-json\/wp\/v2\/pages\/24\/revisions\/889"}],"wp:attachment":[{"href":"https:\/\/pauksciutakas.eu\/index.php\/wp-json\/wp\/v2\/media?parent=24"}],"curies":[{"name":"wp","href":"https:\/\/api.w.org\/{rel}","templated":true}]}}