{"id":21,"date":"2021-09-13T11:02:30","date_gmt":"2021-09-13T11:02:30","guid":{"rendered":"https:\/\/pauksciutakas.eu\/?page_id=21"},"modified":"2026-03-18T06:43:33","modified_gmt":"2026-03-18T06:43:33","slug":"apie","status":"publish","type":"page","link":"https:\/\/pauksciutakas.eu\/index.php\/apie\/","title":{"rendered":"APIE"},"content":{"rendered":"\n<p>\u201eCOSMOS Pauk\u0161\u010di\u0173 takas\u201c \u012fsik\u016br\u0119s Anyk\u0161\u010di\u0173 miesto centre nuo 2015 m. gruod\u017eio 18 d. Tai veidrod\u017ei\u0173 kambarys, kuriame sukuriamas begalyb\u0117s poj\u016btis pasitelkiant \u0161viesos elementus, viduje girdimi \u017eem\u0117s elektromagnetiniai virpesiai paversti garsu. Element\u0173 visuma sukuria kosmoso erdv\u0117s jausm\u0105. Atvykus \u012f COSMOS Pauk\u0161\u010di\u0173 Tak\u0105 rekomenduojame fotografuoti nenaudojant blykst\u0117s. \u0160ioje ne\u012fprastoje erdv\u0117je galima rengti \u012fvairias fotosesijas, taip pat talpinti erdvines instaliacijas menininkams. Planuojami erdv\u0117s atnaujinimai skirtingais met\u0173 laikais, papildant \u012fvairiais \u0161viesos bei erdviniais elementais, taip pat 3D hologramomis. <\/p>\n\n\n\n<p>Seanso trukm\u0117 &#8211; 4 min., vienu metu gali u\u017eeiti 7 asmenys. <\/p>\n\n\n\n<p>Kaina suaugusiems &#8211; 4 eur, vaikams iki 12m. &#8211; 2 eur. <\/p>\n\n\n\n<hr class=\"wp-block-separator\"\/>\n\n\n\n<p>Jei planuojate surengti ekskursij\u0105 mokyklinio am\u017eiaus vaikams, skambinkite +37062317188 (Anyk\u0161\u010diai) telefonu arba ra\u0161ykite info@pauksciutakas.eu. Didel\u0117ms grup\u0117ms i\u0161rinksime tinkamiausi\u0105 laik\u0105 ir dat\u0105. Anyk\u0161\u010diuose &#8211; Dariaus ir Gir\u0117no g. 8, (\u012f\u0117jimas i\u0161 K. Donelai\u010dio g.) Tel. +37062317188<\/p>\n","protected":false},"excerpt":{"rendered":"<p>\u201eCOSMOS Pauk\u0161\u010di\u0173 takas\u201c \u012fsik\u016br\u0119s Anyk\u0161\u010di\u0173 miesto centre nuo 2015 m. gruod\u017eio 18 d. Tai veidrod\u017ei\u0173 kambarys, kuriame sukuriamas begalyb\u0117s poj\u016btis<\/p>\n<p><span class=\"more-link\"><a href=\"https:\/\/pauksciutakas.eu\/index.php\/apie\/\" class=\"readmore\">Continue reading<span class=\"screen-reader-text\">APIE<\/span><\/a><\/span><\/p>\n","protected":false},"author":1,"featured_media":0,"parent":0,"menu_order":0,"comment_status":"closed","ping_status":"closed","template":"","meta":{"om_disable_all_campaigns":false,"_monsterinsights_skip_tracking":false,"_monsterinsights_sitenote_active":false,"_monsterinsights_sitenote_note":"","_monsterinsights_sitenote_category":0,"spay_email":""},"jetpack-related-posts":[{"id":208,"url":"https:\/\/pauksciutakas.eu\/index.php\/privatumo-politika\/","url_meta":{"origin":21,"position":0},"title":"Privatumo politika","date":"19 gruod\u017eio, 2021","format":false,"excerpt":"\u0160i privatumo politika nustato www.pauksciutakas.eu (toliau \u2013 Svetain\u0117) vartotoj\u0173 informacijos, \u012fskaitant asmens duomenis, rinkimo, tvarkymo ir naudojimo principus. 2. Svetain\u0117s naudotoj\u0173 duomenis tvarko MB \u201eTraukos sl\u0117nis\u201c, kurio buvein\u0117 yra \u0160eimyni\u0161k\u0117liai, Elmos 9-oji, 23, Anyk\u0161\u010di\u0173 r. (toliau \u2013 \u201eCosmos Pauk\u0161\u010di\u0173 takas\u201c). 3. Privatumo apsaug\u0105, \u012fskaitant Svetain\u0117s vartotoj\u0173 asmens duomen\u0173 apsaug\u0105, tvarko\u2026","rel":"","context":"Similar post","img":{"alt_text":"","src":"","width":0,"height":0},"classes":[]},{"id":100,"url":"https:\/\/pauksciutakas.eu\/index.php\/bilietu-taisykles\/","url_meta":{"origin":21,"position":1},"title":"Biliet\u0173 internetu pirkimo taisykl\u0117s","date":"19 gruod\u017eio, 2021","format":false,"excerpt":"\u00a71 Bendrosios nuostatos \u0160ios s\u0105lygos (\u201eS\u0105lygos\u201c) nustato grupini\u0173 ir individuali\u0173 biliet\u0173 \u012f \u201eCosmos Pauk\u0161\u010di\u0173 takas\u201c (Dariaus ir Gir\u0117no g. 8, Anyk\u0161\u010diai) si\u016blomus lankytinus objektus, toliau \u2013 \u201eMuziejus\u201c, pirkimo internetu taisykles. 2. Bilietai perkami internetu https:\/\/pauksciutakas.eu\/index.php\/bilietai-internetu\/ o \u012fsigijimas rei\u0161kia, kad pirk\u0117jas sutinka su pramogos, \u012f kuri\u0105 perkamas bilietas, lankytoj\u0173 taisykl\u0117mis. 3.\u2026","rel":"","context":"Similar post","img":{"alt_text":"","src":"","width":0,"height":0},"classes":[]},{"id":23,"url":"https:\/\/pauksciutakas.eu\/","url_meta":{"origin":21,"position":2},"title":"KUR MUS RASTI?","date":"13 rugs\u0117jo, 2021","format":false,"excerpt":"LAIKINAI COSMOS PAUK\u0160\u010cI\u0172 TAKAS NEDIRBA. VYKSTA ATNAUJINIMO DARBAI. Atsidarysime 2026 m. baland\u017eio 17 d. Anyk\u0161\u010di\u0173 miesto centre - Dariaus ir Gir\u0117no g. 8. \u012e\u0117jimas i\u0161 K. Donelai\u010dio g. Atvyk\u0119 nurodytu adresu sekite nuorodas esan\u010dias teritorijoje. PIRKTI BILIETUS","rel":"","context":"Similar post","img":{"alt_text":"","src":"","width":0,"height":0},"classes":[]},{"id":22,"url":"https:\/\/pauksciutakas.eu\/index.php\/kainos\/","url_meta":{"origin":21,"position":3},"title":"KAINOS","date":"13 rugs\u0117jo, 2021","format":false,"excerpt":"Kaina suaugusiems - 3 EUR; Kaina vaikams iki 12m. - 1,5 EUR; Grup\u0117ms taikome nuolaidas.","rel":"","context":"Similar post","img":{"alt_text":"","src":"","width":0,"height":0},"classes":[]}],"_links":{"self":[{"href":"https:\/\/pauksciutakas.eu\/index.php\/wp-json\/wp\/v2\/pages\/21"}],"collection":[{"href":"https:\/\/pauksciutakas.eu\/index.php\/wp-json\/wp\/v2\/pages"}],"about":[{"href":"https:\/\/pauksciutakas.eu\/index.php\/wp-json\/wp\/v2\/types\/page"}],"author":[{"embeddable":true,"href":"https:\/\/pauksciutakas.eu\/index.php\/wp-json\/wp\/v2\/users\/1"}],"replies":[{"embeddable":true,"href":"https:\/\/pauksciutakas.eu\/index.php\/wp-json\/wp\/v2\/comments?post=21"}],"version-history":[{"count":3,"href":"https:\/\/pauksciutakas.eu\/index.php\/wp-json\/wp\/v2\/pages\/21\/revisions"}],"predecessor-version":[{"id":897,"href":"https:\/\/pauksciutakas.eu\/index.php\/wp-json\/wp\/v2\/pages\/21\/revisions\/897"}],"wp:attachment":[{"href":"https:\/\/pauksciutakas.eu\/index.php\/wp-json\/wp\/v2\/media?parent=21"}],"curies":[{"name":"wp","href":"https:\/\/api.w.org\/{rel}","templated":true}]}}