{"id":208,"date":"2021-12-19T11:00:57","date_gmt":"2021-12-19T11:00:57","guid":{"rendered":"https:\/\/pauksciutakas.eu\/?page_id=208"},"modified":"2021-12-19T11:23:28","modified_gmt":"2021-12-19T11:23:28","slug":"privatumo-politika","status":"publish","type":"page","link":"https:\/\/pauksciutakas.eu\/index.php\/privatumo-politika\/","title":{"rendered":"Privatumo politika"},"content":{"rendered":"\n<ol><li>\u0160i privatumo politika nustato www.pauksciutakas.eu (toliau \u2013 Svetain\u0117) vartotoj\u0173 informacijos, \u012fskaitant asmens duomenis, rinkimo, tvarkymo ir naudojimo principus.<\/li><\/ol>\n\n\n\n<p>2. Svetain\u0117s naudotoj\u0173 duomenis tvarko MB \u201eTraukos sl\u0117nis\u201c, kurio buvein\u0117 yra \u0160eimyni\u0161k\u0117liai, Elmos 9-oji, 23, Anyk\u0161\u010di\u0173 r. (toliau \u2013 \u201eCosmos Pauk\u0161\u010di\u0173 takas\u201c).<\/p>\n\n\n\n<p>3. Privatumo apsaug\u0105, \u012fskaitant Svetain\u0117s vartotoj\u0173 asmens duomen\u0173 apsaug\u0105, tvarko Cosmos Pauk\u0161\u010di\u0173 takas. <meta charset=\"utf-8\">Cosmos Pauk\u0161\u010di\u0173 takas deda visas pastangas, \u012fskaitant atsargumo priemones ir vertybinius popierius, koduodamas perdavim\u0105 tarp vartotoj\u0173 ir \u017einiatinklio serverio, taip pat u\u017etikrindamas perdavim\u0105 tarp \u017einiatinklio serverio ir <meta charset=\"utf-8\">Cosmos Pauk\u0161\u010di\u0173 tako gryn\u0173j\u0173 pinig\u0173 sistemos naudojant tam skirt\u0105 koduot\u0105 VPN ry\u0161\u012f. Be to, <meta charset=\"utf-8\">Cosmos Pauk\u0161\u010di\u0173 takas atskiria duomen\u0173 baz\u0117s server\u012f nuo i\u0161orinio tinklo, kad Svetain\u0117s vartotoj\u0173 perduodami asmens duomenys b\u016bt\u0173 apsaugoti nuo praradimo, sugadinimo, atskleidimo ar pa\u0161alini\u0173 asmen\u0173 prieigos.<\/p>\n\n\n\n<p>4. Svetain\u0117s naudojimas gali b\u016bti susij\u0119s su <meta charset=\"utf-8\">Cosmos Pauk\u0161\u010di\u0173 taku, renkan\u010diu vartotoj\u0173 duomenis, reikalingus tinkamam vis\u0173 Tinklalapio funkcij\u0173 veikimui. Vis\u0173 pirma, renkama informacija apie vartotojo buvimo viet\u0105, naudojamo \u012frenginio IP, vartotojo veikl\u0105 Svetain\u0117je ir vadinamuosius slapukus.<\/p>\n\n\n\n<p>5. <meta charset=\"utf-8\">Cosmos Pauk\u0161\u010di\u0173 takas nenaudoja 4 punkte nurodyt\u0173 duomen\u0173 Svetain\u0117s naudotoj\u0173 tapatybei nustatyti. Jei \u0161ie duomenys, atskirai arba kartu su kita informacija, leid\u017eia nustatyti vartotojo tapatyb\u0119, jie yra traktuojami kaip asmens duomenys ir taikomi 6-16 punktuose apra\u0161yti principai.<\/p>\n\n\n\n<p>6. Asmens duomenys Svetain\u0117je tvarkomi vadovaujantis 2016 m. baland\u017eio 27 d. Europos Parlamento ir Tarybos reglamentu (ES) 2016\/679 d\u0117l fizini\u0173 asmen\u0173 apsaugos tvarkant asmens duomenis ir d\u0117l laisvo asmen\u0173 jud\u0117jimo. tokius duomenis ir panaikinanti Direktyv\u0105 95\/46\/EB (toliau \u2013 BDAR).<\/p>\n\n\n\n<p>7. Duomenys tvarkomi vadovaujantis 6 str. 2016 m. baland\u017eio 27 d. Bendrojo asmens duomen\u0173 apsaugos reglamento 1 f) punktas, ty tvarkymas yra b\u016btinas siekiant \u012fgyvendinti teisi\u0161kai pagr\u012fstus <meta charset=\"utf-8\">Cosmos Pauk\u0161\u010di\u0173 tako interesus, kurie apima Il\u016bziju muziejaus Tinklalapio valdym\u0105 ir informavim\u0105 per agent\u016br\u0105 apie <meta charset=\"utf-8\">Cosmos Pauk\u0161\u010di\u0173 tako vykdom\u0105 veikl\u0105.<\/p>\n\n\n\n<p>8. Duomenys renkami siekiant suteikti Vartotojui galimyb\u0119 naudotis visomis Svetain\u0117s funkcijomis.<\/p>\n\n\n\n<p>9. Duomenys tvarkomi tiek, kiek reikia, kad Vartotojas tur\u0117t\u0173 galimyb\u0119 visapusi\u0161kai naudotis Svetaine.<\/p>\n\n\n\n<p>10. Asmens duomenys gali b\u016bti patik\u0117ti subjektams, teikiantiems paslaugas <meta charset=\"utf-8\">Cosmos Pauk\u0161\u010di\u0173 tako naudai, ir atskleisti subjektams, \u012fgaliotiems pagal teis\u0117s akt\u0173 nuostatas.<\/p>\n\n\n\n<p>11. Kiekvienas asmuo turi teis\u0119 susipa\u017einti su savo duomenimis, juos i\u0161taisyti, i\u0161trinti ar apriboti tvarkym\u0105, taip pat reikalauti perduoti duomenis.<\/p>\n\n\n\n<p>12. Vartotojas turi teis\u0119 nesutikti, kad b\u016bt\u0173 tvarkomi jo duomenys.<\/p>\n\n\n\n<p>13. Vartotojas turi teis\u0119 pateikti skund\u0105 d\u0117l <meta charset=\"utf-8\">Cosmos Pauk\u0161\u010di\u0173 tako prie\u017ei\u016bros institucijai, t.y. Asmens duomen\u0173 apsaugos tarnybai, L. Sapiegos g. 17, Vilnius.<\/p>\n\n\n\n<p>14. Asmens duomen\u0173 teikimas yra savanori\u0161kas, ta\u010diau gali prireikti naudotis visomis Svetain\u0117s funkcijomis.<\/p>\n\n\n\n<p>15. Sprendimai d\u0117l pateikt\u0173 asmens duomen\u0173 nepriimami automatizuotu b\u016bdu.<\/p>\n\n\n\n<p>16. Susisiekti su <meta charset=\"utf-8\">Cosmos Pauk\u0161\u010di\u0173 taku, \u012fskaitant asmen\u012f, veikiant\u012f <meta charset=\"utf-8\">Cosmos Pauk\u0161\u010di\u0173 takui kaip duomen\u0173 apsaugos pareig\u016bnui, galima ra\u0161tu 1 punkte nurodytu registruotos buvein\u0117s adresu arba elektroniniu b\u016bdu el. pa\u0161to adresu info@pauksciutakas.eu<\/p>\n\n\n\n<p>17. Paprastai norint naudotis Svetain\u0117s funkcijomis nereikia atidaryti paskyros ir prisijungti prie Svetain\u0117s.<\/p>\n\n\n\n<p>18. Norint \u012fsigyti bilietus \u012f <meta charset=\"utf-8\">Cosmos Pauk\u0161\u010di\u0173 tak\u0105, b\u016btina pateikti registracijos anketose nurodytus asmens duomenis.<\/p>\n\n\n\n<p>19. \u0160i privatumo politika taikoma tik Svetainei. <meta charset=\"utf-8\">Cosmos Pauk\u0161\u010di\u0173 takas neatsako u\u017e tinklalapi\u0173, kuriuos Svetain\u0117s naudotojas \u012fved\u0117 per Svetain\u0117je patalpintas nuorodas, principus ir privatumo politik\u0105.<\/p>\n\n\n\n<p>20. Apie bet kokius \u010dia pateiktus pakeitimus bus prane\u0161ta Svetain\u0117s naudotojams, paskelbiant informacij\u0105 Svetain\u0117je.<\/p>\n","protected":false},"excerpt":{"rendered":"<p>\u0160i privatumo politika nustato www.pauksciutakas.eu (toliau \u2013 Svetain\u0117) vartotoj\u0173 informacijos, \u012fskaitant asmens duomenis, rinkimo, tvarkymo ir naudojimo principus. 2. Svetain\u0117s<\/p>\n<p><span class=\"more-link\"><a href=\"https:\/\/pauksciutakas.eu\/index.php\/privatumo-politika\/\" class=\"readmore\">Continue reading<span class=\"screen-reader-text\">Privatumo politika<\/span><\/a><\/span><\/p>\n","protected":false},"author":1,"featured_media":0,"parent":0,"menu_order":0,"comment_status":"closed","ping_status":"closed","template":"","meta":{"om_disable_all_campaigns":false,"_monsterinsights_skip_tracking":false,"_monsterinsights_sitenote_active":false,"_monsterinsights_sitenote_note":"","_monsterinsights_sitenote_category":0,"spay_email":""},"jetpack-related-posts":[{"id":100,"url":"https:\/\/pauksciutakas.eu\/index.php\/bilietu-taisykles\/","url_meta":{"origin":208,"position":0},"title":"Biliet\u0173 internetu pirkimo taisykl\u0117s","date":"19 gruod\u017eio, 2021","format":false,"excerpt":"\u00a71 Bendrosios nuostatos \u0160ios s\u0105lygos (\u201eS\u0105lygos\u201c) nustato grupini\u0173 ir individuali\u0173 biliet\u0173 \u012f \u201eCosmos Pauk\u0161\u010di\u0173 takas\u201c (Dariaus ir Gir\u0117no g. 8, Anyk\u0161\u010diai) si\u016blomus lankytinus objektus, toliau \u2013 \u201eMuziejus\u201c, pirkimo internetu taisykles. 2. Bilietai perkami internetu https:\/\/pauksciutakas.eu\/index.php\/bilietai-internetu\/ o \u012fsigijimas rei\u0161kia, kad pirk\u0117jas sutinka su pramogos, \u012f kuri\u0105 perkamas bilietas, lankytoj\u0173 taisykl\u0117mis. 3.\u2026","rel":"","context":"Similar post","img":{"alt_text":"","src":"","width":0,"height":0},"classes":[]},{"id":21,"url":"https:\/\/pauksciutakas.eu\/index.php\/apie\/","url_meta":{"origin":208,"position":1},"title":"APIE","date":"13 rugs\u0117jo, 2021","format":false,"excerpt":"\"COSMOS Pauk\u0161\u010di\u0173 takas\" \u012fsik\u016br\u0119s Anyk\u0161\u010di\u0173 miesto centre nuo 2015 m. gruod\u017eio 18 d. Tai veidrod\u017ei\u0173 kambarys, kuriame sukuriamas begalyb\u0117s poj\u016btis pasitelkiant \u0161viesos elementus, viduje girdimi \u017eem\u0117s elektromagnetiniai virpesiai paversti garsu. Element\u0173 visuma sukuria kosmoso erdv\u0117s jausm\u0105. Atvykus \u012f COSMOS Pauk\u0161\u010di\u0173 Tak\u0105 rekomenduojame fotografuoti nenaudojant blykst\u0117s. \u0160ioje ne\u012fprastoje erdv\u0117je galima rengti\u2026","rel":"","context":"Similar post","img":{"alt_text":"","src":"","width":0,"height":0},"classes":[]}],"_links":{"self":[{"href":"https:\/\/pauksciutakas.eu\/index.php\/wp-json\/wp\/v2\/pages\/208"}],"collection":[{"href":"https:\/\/pauksciutakas.eu\/index.php\/wp-json\/wp\/v2\/pages"}],"about":[{"href":"https:\/\/pauksciutakas.eu\/index.php\/wp-json\/wp\/v2\/types\/page"}],"author":[{"embeddable":true,"href":"https:\/\/pauksciutakas.eu\/index.php\/wp-json\/wp\/v2\/users\/1"}],"replies":[{"embeddable":true,"href":"https:\/\/pauksciutakas.eu\/index.php\/wp-json\/wp\/v2\/comments?post=208"}],"version-history":[{"count":3,"href":"https:\/\/pauksciutakas.eu\/index.php\/wp-json\/wp\/v2\/pages\/208\/revisions"}],"predecessor-version":[{"id":214,"href":"https:\/\/pauksciutakas.eu\/index.php\/wp-json\/wp\/v2\/pages\/208\/revisions\/214"}],"wp:attachment":[{"href":"https:\/\/pauksciutakas.eu\/index.php\/wp-json\/wp\/v2\/media?parent=208"}],"curies":[{"name":"wp","href":"https:\/\/api.w.org\/{rel}","templated":true}]}}